{"id":25836,"date":"2025-06-02T11:31:40","date_gmt":"2025-06-02T11:31:40","guid":{"rendered":"https:\/\/explorationslearning.com\/?page_id=25836"},"modified":"2026-01-08T16:08:58","modified_gmt":"2026-01-08T16:08:58","slug":"nature-events","status":"publish","type":"page","link":"https:\/\/explorationslearning.com\/fr\/nature-events\/","title":{"rendered":"Activit\u00e9s en nature"},"content":{"rendered":"<div data-elementor-type=\"wp-page\" data-elementor-id=\"25836\" class=\"elementor elementor-25836\" data-elementor-post-type=\"page\">\n\t\t\t\t\t\t<section class=\"elementor-section elementor-top-section elementor-element elementor-element-699f46f elementor-section-stretched elementor-section-full_width elementor-section-height-default elementor-section-height-default\" data-id=\"699f46f\" data-element_type=\"section\" data-e-type=\"section\" data-settings=\"{&quot;stretch_section&quot;:&quot;section-stretched&quot;}\">\n\t\t\t\t\t\t<div class=\"elementor-container elementor-column-gap-no\">\n\t\t\t\t\t<div class=\"elementor-column elementor-col-100 elementor-top-column elementor-element elementor-element-211463e\" data-id=\"211463e\" data-element_type=\"column\" data-e-type=\"column\" data-settings=\"{&quot;background_background&quot;:&quot;classic&quot;}\">\n\t\t\t<div class=\"elementor-widget-wrap elementor-element-populated\">\n\t\t\t\t\t\t<div class=\"elementor-element elementor-element-54cf6af elementor--h-position-center elementor--v-position-middle elementor-arrows-position-inside elementor-pagination-position-inside elementor-widget elementor-widget-slides\" data-id=\"54cf6af\" data-element_type=\"widget\" data-e-type=\"widget\" data-settings=\"{&quot;navigation&quot;:&quot;both&quot;,&quot;autoplay&quot;:&quot;yes&quot;,&quot;pause_on_hover&quot;:&quot;yes&quot;,&quot;pause_on_interaction&quot;:&quot;yes&quot;,&quot;autoplay_speed&quot;:5000,&quot;infinite&quot;:&quot;yes&quot;,&quot;transition&quot;:&quot;slide&quot;,&quot;transition_speed&quot;:500}\" data-widget_type=\"slides.default\">\n\t\t\t\t<div class=\"elementor-widget-container\">\n\t\t\t\t\t\t\t<div class=\"elementor-swiper\">\n\t\t\t<div class=\"elementor-slides-wrapper elementor-main-swiper swiper-container\" dir=\"ltr\" data-animation=\"fadeInUp\">\n\t\t\t\t<div class=\"swiper-wrapper elementor-slides\">\n\t\t\t\t\t\t\t\t\t\t<div class=\"elementor-repeater-item-d6f2e3f swiper-slide\"><div class=\"swiper-slide-bg\" role=\"img\"><\/div><div class=\"swiper-slide-inner\" ><div class=\"swiper-slide-contents\"><div class=\"elementor-slide-heading\">Activit\u00e9s en nature avec Explorations<\/div><\/div><\/div><\/div>\t\t\t\t<\/div>\n\t\t\t\t\t\t\t<\/div>\n\t\t<\/div>\n\t\t\t\t\t\t<\/div>\n\t\t\t\t<\/div>\n\t\t\t\t\t<\/div>\n\t\t<\/div>\n\t\t\t\t\t<\/div>\n\t\t<\/section>\n\t\t\t\t<section class=\"elementor-section elementor-top-section elementor-element elementor-element-6a77a852 elementor-section-content-middle elementor-section-boxed elementor-section-height-default elementor-section-height-default\" data-id=\"6a77a852\" data-element_type=\"section\" data-e-type=\"section\">\n\t\t\t\t\t\t<div class=\"elementor-container elementor-column-gap-wider\">\n\t\t\t\t\t<div class=\"elementor-column elementor-col-100 elementor-top-column elementor-element elementor-element-2cb7b84e\" data-id=\"2cb7b84e\" data-element_type=\"column\" data-e-type=\"column\">\n\t\t\t<div class=\"elementor-widget-wrap elementor-element-populated\">\n\t\t\t\t\t\t<div class=\"elementor-element elementor-element-784b56e elementor-widget elementor-widget-spacer\" data-id=\"784b56e\" data-element_type=\"widget\" data-e-type=\"widget\" data-widget_type=\"spacer.default\">\n\t\t\t\t<div class=\"elementor-widget-container\">\n\t\t\t\t\t\t\t<div class=\"elementor-spacer\">\n\t\t\t<div class=\"elementor-spacer-inner\"><\/div>\n\t\t<\/div>\n\t\t\t\t\t\t<\/div>\n\t\t\t\t<\/div>\n\t\t\t\t<div class=\"elementor-element elementor-element-fbf1e62 elementor-widget elementor-widget-spacer\" data-id=\"fbf1e62\" data-element_type=\"widget\" data-e-type=\"widget\" data-widget_type=\"spacer.default\">\n\t\t\t\t<div class=\"elementor-widget-container\">\n\t\t\t\t\t\t\t<div class=\"elementor-spacer\">\n\t\t\t<div class=\"elementor-spacer-inner\"><\/div>\n\t\t<\/div>\n\t\t\t\t\t\t<\/div>\n\t\t\t\t<\/div>\n\t\t\t\t<div class=\"elementor-element elementor-element-a08abd5 elementor-widget elementor-widget-heading\" data-id=\"a08abd5\" data-element_type=\"widget\" data-e-type=\"widget\" data-widget_type=\"heading.default\">\n\t\t\t\t<div class=\"elementor-widget-container\">\n\t\t\t\t\t<h1 class=\"elementor-heading-title elementor-size-default\">Familles en for\u00eat - Exploration de la Falaise St-Jacques<\/h1>\t\t\t\t<\/div>\n\t\t\t\t<\/div>\n\t\t\t\t<div class=\"elementor-element elementor-element-ebda7c7 elementor-widget elementor-widget-spacer\" data-id=\"ebda7c7\" data-element_type=\"widget\" data-e-type=\"widget\" data-widget_type=\"spacer.default\">\n\t\t\t\t<div class=\"elementor-widget-container\">\n\t\t\t\t\t\t\t<div class=\"elementor-spacer\">\n\t\t\t<div class=\"elementor-spacer-inner\"><\/div>\n\t\t<\/div>\n\t\t\t\t\t\t<\/div>\n\t\t\t\t<\/div>\n\t\t\t\t<section class=\"elementor-section elementor-inner-section elementor-element elementor-element-5b5af82 elementor-section-boxed elementor-section-height-default elementor-section-height-default\" data-id=\"5b5af82\" data-element_type=\"section\" data-e-type=\"section\">\n\t\t\t\t\t\t<div class=\"elementor-container elementor-column-gap-default\">\n\t\t\t\t\t<div class=\"elementor-column elementor-col-50 elementor-inner-column elementor-element elementor-element-3d2250d\" data-id=\"3d2250d\" data-element_type=\"column\" data-e-type=\"column\">\n\t\t\t<div class=\"elementor-widget-wrap elementor-element-populated\">\n\t\t\t\t\t\t<div class=\"elementor-element elementor-element-f7e9e4d elementor-widget elementor-widget-text-editor\" data-id=\"f7e9e4d\" data-element_type=\"widget\" data-e-type=\"widget\" data-widget_type=\"text-editor.default\">\n\t\t\t\t<div class=\"elementor-widget-container\">\n\t\t\t\t\t\t\t\t\t<p><strong>Horaire:<\/strong> Les dimanches \u00e0 midi, \u00e0 chaque deux semaines, du 25 janvier au 22 f\u00e9vrier. Inscrivez-vous aux 2 session pour $75 ou inscrivez-vous pour des sessions individuelles pour $35 par session.<\/p><p><strong>Lieu: <\/strong>Falaise St-Jacques (point de rencontre: derri\u00e8re le Rose Bowl, 6510 Rue Saint-Jacques)<\/p><p>Notre animatrice Ingrid Birker vous fera d\u00e9couvrir comment les animaux et les plantes vivent et s\u2019\u00e9panouissent dans une for\u00eat urbaine (en anglais, avec accompagnement en fran\u00e7ais).<\/p><p>Les familles devraient <b>amener leur propre d\u00eener<\/b> et s'habiller ad\u00e9quatement en fonction de la m\u00e9t\u00e9o.<\/p><p>L\u2019animatrice proposera une collation foresti\u00e8re \u00e0 base de plantes, un moment de lecture et une activit\u00e9 \u00e0 emporter. Les familles sont invit\u00e9es \u00e0 apporter et partager des informations ou des histoires en lien avec le th\u00e8me.<\/p>\t\t\t\t\t\t\t\t<\/div>\n\t\t\t\t<\/div>\n\t\t\t\t\t<\/div>\n\t\t<\/div>\n\t\t\t\t<div class=\"elementor-column elementor-col-50 elementor-inner-column elementor-element elementor-element-2ac1647\" data-id=\"2ac1647\" data-element_type=\"column\" data-e-type=\"column\">\n\t\t\t<div class=\"elementor-widget-wrap elementor-element-populated\">\n\t\t\t\t\t\t<div class=\"elementor-element elementor-element-0537c99 elementor-widget elementor-widget-heading\" data-id=\"0537c99\" data-element_type=\"widget\" data-e-type=\"widget\" data-widget_type=\"heading.default\">\n\t\t\t\t<div class=\"elementor-widget-container\">\n\t\t\t\t\t<h1 class=\"elementor-heading-title elementor-size-default\">Horaire hivernal<\/h1>\t\t\t\t<\/div>\n\t\t\t\t<\/div>\n\t\t\t\t<div class=\"elementor-element elementor-element-50f4a9d elementor-widget elementor-widget-spacer\" data-id=\"50f4a9d\" data-element_type=\"widget\" data-e-type=\"widget\" data-widget_type=\"spacer.default\">\n\t\t\t\t<div class=\"elementor-widget-container\">\n\t\t\t\t\t\t\t<div class=\"elementor-spacer\">\n\t\t\t<div class=\"elementor-spacer-inner\"><\/div>\n\t\t<\/div>\n\t\t\t\t\t\t<\/div>\n\t\t\t\t<\/div>\n\t\t\t\t<div class=\"elementor-element elementor-element-da6c1e0 elementor-align-start elementor-icon-list--layout-traditional elementor-list-item-link-full_width elementor-widget elementor-widget-icon-list\" data-id=\"da6c1e0\" data-element_type=\"widget\" data-e-type=\"widget\" data-widget_type=\"icon-list.default\">\n\t\t\t\t<div class=\"elementor-widget-container\">\n\t\t\t\t\t\t\t<ul class=\"elementor-icon-list-items\">\n\t\t\t\t\t\t\t<li class=\"elementor-icon-list-item\">\n\t\t\t\t\t\t\t\t\t\t\t<span class=\"elementor-icon-list-icon\">\n\t\t\t\t\t\t\t<i aria-hidden=\"true\" class=\"fas fa-house-user\"><\/i>\t\t\t\t\t\t<\/span>\n\t\t\t\t\t\t\t\t\t\t<span class=\"elementor-icon-list-text\">25 janvier: Nous construirons des abris en neige et autres structures. S'il n'y a pas de neige nous utiliserons des branches.<\/span>\n\t\t\t\t\t\t\t\t\t<\/li>\n\t\t\t\t\t\t\t\t<li class=\"elementor-icon-list-item\">\n\t\t\t\t\t\t\t\t\t\t\t<span class=\"elementor-icon-list-icon\">\n\t\t\t\t\t\t\t<i aria-hidden=\"true\" class=\"fas fa-fire\"><\/i>\t\t\t\t\t\t<\/span>\n\t\t\t\t\t\t\t\t\t\t<span class=\"elementor-icon-list-text\">8 f\u00e9vrier: Chaque famille apprendra comment cr\u00e9er un petit feu de mani\u00e8re s\u00e9curitaire avec l'aide de Chris Breier, un b\u00e9n\u00e9vole de Sauvons la Falaise. Nous apprendrons comment cuire une petite collation sur le feu.<\/span>\n\t\t\t\t\t\t\t\t\t<\/li>\n\t\t\t\t\t\t\t\t<li class=\"elementor-icon-list-item\">\n\t\t\t\t\t\t\t\t\t\t\t<span class=\"elementor-icon-list-icon\">\n\t\t\t\t\t\t\t<i aria-hidden=\"true\" class=\"fas fa-paw\"><\/i>\t\t\t\t\t\t<\/span>\n\t\t\t\t\t\t\t\t\t\t<span class=\"elementor-icon-list-text\">22 f\u00e9vrier: Traces, terriers et nids \u00e0 la Falaise. Du sol jusqu\u2019aux cimes des arbres, nous observerons les traces de vie et d\u00e9placements des animaux.<\/span>\n\t\t\t\t\t\t\t\t\t<\/li>\n\t\t\t\t\t\t<\/ul>\n\t\t\t\t\t\t<\/div>\n\t\t\t\t<\/div>\n\t\t\t\t\t<\/div>\n\t\t<\/div>\n\t\t\t\t\t<\/div>\n\t\t<\/section>\n\t\t\t\t<div class=\"elementor-element elementor-element-153100f elementor-widget elementor-widget-spacer\" data-id=\"153100f\" data-element_type=\"widget\" data-e-type=\"widget\" data-widget_type=\"spacer.default\">\n\t\t\t\t<div class=\"elementor-widget-container\">\n\t\t\t\t\t\t\t<div class=\"elementor-spacer\">\n\t\t\t<div class=\"elementor-spacer-inner\"><\/div>\n\t\t<\/div>\n\t\t\t\t\t\t<\/div>\n\t\t\t\t<\/div>\n\t\t\t\t<section class=\"elementor-section elementor-inner-section elementor-element elementor-element-dbd8caf elementor-section-boxed elementor-section-height-default elementor-section-height-default\" data-id=\"dbd8caf\" data-element_type=\"section\" data-e-type=\"section\">\n\t\t\t\t\t\t<div class=\"elementor-container elementor-column-gap-default\">\n\t\t\t\t\t<div class=\"elementor-column elementor-col-33 elementor-inner-column elementor-element elementor-element-83a70ee\" data-id=\"83a70ee\" data-element_type=\"column\" data-e-type=\"column\">\n\t\t\t<div class=\"elementor-widget-wrap elementor-element-populated\">\n\t\t\t\t\t\t<div class=\"elementor-element elementor-element-6ba01dc elementor-align-center elementor-widget elementor-widget-button\" data-id=\"6ba01dc\" data-element_type=\"widget\" data-e-type=\"widget\" data-widget_type=\"button.default\">\n\t\t\t\t<div class=\"elementor-widget-container\">\n\t\t\t\t\t\t\t\t\t<div class=\"elementor-button-wrapper\">\n\t\t\t\t\t<a class=\"elementor-button elementor-button-link elementor-size-sm\" href=\"https:\/\/app.amilia.com\/store\/en\/explorationscamp\/shop\/programs\/118057\">\n\t\t\t\t\t\t<span class=\"elementor-button-content-wrapper\">\n\t\t\t\t\t\t<span class=\"elementor-button-icon\">\n\t\t\t\t<i aria-hidden=\"true\" class=\"fas fa-tree\"><\/i>\t\t\t<\/span>\n\t\t\t\t\t\t\t\t\t<span class=\"elementor-button-text\">S'inscrire aujourd'hui!<\/span>\n\t\t\t\t\t<\/span>\n\t\t\t\t\t<\/a>\n\t\t\t\t<\/div>\n\t\t\t\t\t\t\t\t<\/div>\n\t\t\t\t<\/div>\n\t\t\t\t<div class=\"elementor-element elementor-element-ce228b0 elementor-widget elementor-widget-spacer\" data-id=\"ce228b0\" data-element_type=\"widget\" data-e-type=\"widget\" data-widget_type=\"spacer.default\">\n\t\t\t\t<div class=\"elementor-widget-container\">\n\t\t\t\t\t\t\t<div class=\"elementor-spacer\">\n\t\t\t<div class=\"elementor-spacer-inner\"><\/div>\n\t\t<\/div>\n\t\t\t\t\t\t<\/div>\n\t\t\t\t<\/div>\n\t\t\t\t<div class=\"elementor-element elementor-element-bfaa3db elementor-widget elementor-widget-text-editor\" data-id=\"bfaa3db\" data-element_type=\"widget\" data-e-type=\"widget\" data-widget_type=\"text-editor.default\">\n\t\t\t\t<div class=\"elementor-widget-container\">\n\t\t\t\t\t\t\t\t\t<p>*L'inscription est <u>PAR FAMILLE<\/u>, jusqu'\u00e0 2 adultes et 3 enfants<br>(pour des familles plus nombreuses, s'inscrire deux fois).<\/p>\t\t\t\t\t\t\t\t<\/div>\n\t\t\t\t<\/div>\n\t\t\t\t\t<\/div>\n\t\t<\/div>\n\t\t\t\t<div class=\"elementor-column elementor-col-33 elementor-inner-column elementor-element elementor-element-a75f50f\" data-id=\"a75f50f\" data-element_type=\"column\" data-e-type=\"column\">\n\t\t\t<div class=\"elementor-widget-wrap elementor-element-populated\">\n\t\t\t\t\t\t<div class=\"elementor-element elementor-element-46b5999 elementor-widget elementor-widget-image\" data-id=\"46b5999\" data-element_type=\"widget\" data-e-type=\"widget\" data-widget_type=\"image.default\">\n\t\t\t\t<div class=\"elementor-widget-container\">\n\t\t\t\t\t\t\t\t\t\t\t\t\t\t\t<img fetchpriority=\"high\" decoding=\"async\" width=\"1024\" height=\"771\" src=\"https:\/\/explorationslearning.com\/wp-content\/uploads\/2025\/06\/PXL_20240621_214348154.MP_-1024x771.jpg\" class=\"attachment-large size-large wp-image-25839\" alt=\"\" srcset=\"https:\/\/explorationslearning.com\/wp-content\/uploads\/2025\/06\/PXL_20240621_214348154.MP_-1024x771.jpg 1024w, https:\/\/explorationslearning.com\/wp-content\/uploads\/2025\/06\/PXL_20240621_214348154.MP_-300x226.jpg 300w, https:\/\/explorationslearning.com\/wp-content\/uploads\/2025\/06\/PXL_20240621_214348154.MP_-768x578.jpg 768w, https:\/\/explorationslearning.com\/wp-content\/uploads\/2025\/06\/PXL_20240621_214348154.MP_-1536x1157.jpg 1536w, https:\/\/explorationslearning.com\/wp-content\/uploads\/2025\/06\/PXL_20240621_214348154.MP_-2048x1542.jpg 2048w, https:\/\/explorationslearning.com\/wp-content\/uploads\/2025\/06\/PXL_20240621_214348154.MP_-16x12.jpg 16w\" sizes=\"(max-width: 1024px) 100vw, 1024px\" \/>\t\t\t\t\t\t\t\t\t\t\t\t\t\t\t<\/div>\n\t\t\t\t<\/div>\n\t\t\t\t\t<\/div>\n\t\t<\/div>\n\t\t\t\t<div class=\"elementor-column elementor-col-33 elementor-inner-column elementor-element elementor-element-deffc30\" data-id=\"deffc30\" data-element_type=\"column\" data-e-type=\"column\">\n\t\t\t<div class=\"elementor-widget-wrap elementor-element-populated\">\n\t\t\t\t\t\t<div class=\"elementor-element elementor-element-00c734a elementor-widget elementor-widget-image\" data-id=\"00c734a\" data-element_type=\"widget\" data-e-type=\"widget\" data-widget_type=\"image.default\">\n\t\t\t\t<div class=\"elementor-widget-container\">\n\t\t\t\t\t\t\t\t\t\t\t\t\t\t\t<img decoding=\"async\" width=\"1024\" height=\"771\" src=\"https:\/\/explorationslearning.com\/wp-content\/uploads\/2025\/09\/PXL_20240621_223358830-1024x771.jpg\" class=\"attachment-large size-large wp-image-26034\" alt=\"\" srcset=\"https:\/\/explorationslearning.com\/wp-content\/uploads\/2025\/09\/PXL_20240621_223358830-1024x771.jpg 1024w, https:\/\/explorationslearning.com\/wp-content\/uploads\/2025\/09\/PXL_20240621_223358830-300x226.jpg 300w, https:\/\/explorationslearning.com\/wp-content\/uploads\/2025\/09\/PXL_20240621_223358830-768x578.jpg 768w, https:\/\/explorationslearning.com\/wp-content\/uploads\/2025\/09\/PXL_20240621_223358830-1536x1157.jpg 1536w\" sizes=\"(max-width: 1024px) 100vw, 1024px\" \/>\t\t\t\t\t\t\t\t\t\t\t\t\t\t\t<\/div>\n\t\t\t\t<\/div>\n\t\t\t\t\t<\/div>\n\t\t<\/div>\n\t\t\t\t\t<\/div>\n\t\t<\/section>\n\t\t\t\t<div class=\"elementor-element elementor-element-8f3a4e5 elementor-widget elementor-widget-spacer\" data-id=\"8f3a4e5\" data-element_type=\"widget\" data-e-type=\"widget\" data-widget_type=\"spacer.default\">\n\t\t\t\t<div class=\"elementor-widget-container\">\n\t\t\t\t\t\t\t<div class=\"elementor-spacer\">\n\t\t\t<div class=\"elementor-spacer-inner\"><\/div>\n\t\t<\/div>\n\t\t\t\t\t\t<\/div>\n\t\t\t\t<\/div>\n\t\t\t\t\t<\/div>\n\t\t<\/div>\n\t\t\t\t\t<\/div>\n\t\t<\/section>\n\t\t\t\t<\/div>","protected":false},"excerpt":{"rendered":"<p>Nature Events at Explorations Forest Families &#8211; Exploring the Falaise St-Jacques Schedule: Sundays at noon, biweekly from January 25 to February 22. Register for all 3 sessions for $75, or register for\u00a0 individual drop-ins for $35 per day. Location: Falaise St-Jacques (meeting point: behind the Rose Bowl, 6510 Rue Saint-Jacques) Our Forest School teacher Ingrid&hellip;<\/p>","protected":false},"author":8,"featured_media":0,"parent":0,"menu_order":10,"comment_status":"closed","ping_status":"closed","template":"","meta":{"footnotes":""},"class_list":["post-25836","page","type-page","status-publish","hentry"],"_links":{"self":[{"href":"https:\/\/explorationslearning.com\/fr\/wp-json\/wp\/v2\/pages\/25836","targetHints":{"allow":["GET"]}}],"collection":[{"href":"https:\/\/explorationslearning.com\/fr\/wp-json\/wp\/v2\/pages"}],"about":[{"href":"https:\/\/explorationslearning.com\/fr\/wp-json\/wp\/v2\/types\/page"}],"author":[{"embeddable":true,"href":"https:\/\/explorationslearning.com\/fr\/wp-json\/wp\/v2\/users\/8"}],"replies":[{"embeddable":true,"href":"https:\/\/explorationslearning.com\/fr\/wp-json\/wp\/v2\/comments?post=25836"}],"version-history":[{"count":5,"href":"https:\/\/explorationslearning.com\/fr\/wp-json\/wp\/v2\/pages\/25836\/revisions"}],"predecessor-version":[{"id":26394,"href":"https:\/\/explorationslearning.com\/fr\/wp-json\/wp\/v2\/pages\/25836\/revisions\/26394"}],"wp:attachment":[{"href":"https:\/\/explorationslearning.com\/fr\/wp-json\/wp\/v2\/media?parent=25836"}],"curies":[{"name":"wp","href":"https:\/\/api.w.org\/{rel}","templated":true}]}}